{"id":1041,"date":"2025-04-16T19:57:09","date_gmt":"2025-04-16T22:57:09","guid":{"rendered":"https:\/\/araujosdaniel.com.br\/?page_id=1041"},"modified":"2025-04-16T20:00:49","modified_gmt":"2025-04-16T23:00:49","slug":"desenhos-autorais-disponiveis","status":"publish","type":"page","link":"https:\/\/araujosdaniel.com.br\/?page_id=1041","title":{"rendered":"Desenhos Autorais disponiveis"},"content":{"rendered":"\n<p>Desenhos Autorais disponiveis para portfolio , Para criar essas artes fiz um estudo relacionado a Geometria Sagrada , cada elemento do desenho foi feito um estudo para encaixar cada simbolo e elemento no local mais adequado para ficar com uma \u00f3tima simetria..Geometria sagrada \u00e9 um campo de estudo que explora formas, propor\u00e7\u00f5es e padr\u00f5es geom\u00e9tricos considerados sagrados, m\u00edsticos ou espiritualmente significativos. A ideia central \u00e9 que certos desenhos e formas geom\u00e9tricas n\u00e3o s\u00e3o apenas esteticamente belos, mas tamb\u00e9m carregam um simbolismo profundo e refletem princ\u00edpios fundamentais da natureza, do universo e da cria\u00e7\u00e3o.<\/p>\n\n\n\n<h2 class=\"wp-block-heading\">Desenhos at\u00e9 12 centimetros sem altera\u00e7\u00f5es <\/h2>\n\n\n\n<figure class=\"wp-block-gallery has-nested-images columns-default is-cropped wp-block-gallery-1 is-layout-flex wp-block-gallery-is-layout-flex\">\n<figure class=\"wp-block-image size-large\"><img loading=\"lazy\" decoding=\"async\" width=\"742\" height=\"1024\" data-id=\"1037\" src=\"https:\/\/araujosdaniel.com.br\/wp-content\/uploads\/2025\/04\/leao-seja-forte-742x1024.jpg\" alt=\"\" class=\"wp-image-1037\" srcset=\"https:\/\/araujosdaniel.com.br\/wp-content\/uploads\/2025\/04\/leao-seja-forte-742x1024.jpg 742w, https:\/\/araujosdaniel.com.br\/wp-content\/uploads\/2025\/04\/leao-seja-forte-217x300.jpg 217w, https:\/\/araujosdaniel.com.br\/wp-content\/uploads\/2025\/04\/leao-seja-forte-768x1061.jpg 768w, https:\/\/araujosdaniel.com.br\/wp-content\/uploads\/2025\/04\/leao-seja-forte-1112x1536.jpg 1112w, https:\/\/araujosdaniel.com.br\/wp-content\/uploads\/2025\/04\/leao-seja-forte-1483x2048.jpg 1483w, https:\/\/araujosdaniel.com.br\/wp-content\/uploads\/2025\/04\/leao-seja-forte-782x1080.jpg 782w, https:\/\/araujosdaniel.com.br\/wp-content\/uploads\/2025\/04\/leao-seja-forte-scaled.jpg 1854w\" sizes=\"(max-width: 742px) 100vw, 742px\" \/><figcaption class=\"wp-element-caption\"><strong>at\u00e9 12 cm sem altera\u00e7\u00f5es<\/strong><\/figcaption><\/figure>\n\n\n\n<figure class=\"wp-block-image size-large\"><img loading=\"lazy\" decoding=\"async\" width=\"742\" height=\"1024\" data-id=\"1051\" src=\"https:\/\/araujosdaniel.com.br\/wp-content\/uploads\/2025\/04\/LOBOS11-1-742x1024.jpg\" alt=\"\" class=\"wp-image-1051\" srcset=\"https:\/\/araujosdaniel.com.br\/wp-content\/uploads\/2025\/04\/LOBOS11-1-742x1024.jpg 742w, https:\/\/araujosdaniel.com.br\/wp-content\/uploads\/2025\/04\/LOBOS11-1-217x300.jpg 217w, https:\/\/araujosdaniel.com.br\/wp-content\/uploads\/2025\/04\/LOBOS11-1-768x1061.jpg 768w, https:\/\/araujosdaniel.com.br\/wp-content\/uploads\/2025\/04\/LOBOS11-1-1112x1536.jpg 1112w, https:\/\/araujosdaniel.com.br\/wp-content\/uploads\/2025\/04\/LOBOS11-1-1483x2048.jpg 1483w, https:\/\/araujosdaniel.com.br\/wp-content\/uploads\/2025\/04\/LOBOS11-1-782x1080.jpg 782w, https:\/\/araujosdaniel.com.br\/wp-content\/uploads\/2025\/04\/LOBOS11-1-scaled.jpg 1854w\" sizes=\"(max-width: 742px) 100vw, 742px\" \/><figcaption class=\"wp-element-caption\"><strong>at\u00e9 12 cm sem altera\u00e7\u00f5es<\/strong><\/figcaption><\/figure>\n\n\n\n<figure class=\"wp-block-image size-large\"><img loading=\"lazy\" decoding=\"async\" width=\"742\" height=\"1024\" data-id=\"1036\" src=\"https:\/\/araujosdaniel.com.br\/wp-content\/uploads\/2025\/04\/caveira-742x1024.jpg\" alt=\"\" class=\"wp-image-1036\" srcset=\"https:\/\/araujosdaniel.com.br\/wp-content\/uploads\/2025\/04\/caveira-742x1024.jpg 742w, https:\/\/araujosdaniel.com.br\/wp-content\/uploads\/2025\/04\/caveira-217x300.jpg 217w, https:\/\/araujosdaniel.com.br\/wp-content\/uploads\/2025\/04\/caveira-768x1061.jpg 768w, https:\/\/araujosdaniel.com.br\/wp-content\/uploads\/2025\/04\/caveira-1112x1536.jpg 1112w, https:\/\/araujosdaniel.com.br\/wp-content\/uploads\/2025\/04\/caveira-1483x2048.jpg 1483w, https:\/\/araujosdaniel.com.br\/wp-content\/uploads\/2025\/04\/caveira-782x1080.jpg 782w, https:\/\/araujosdaniel.com.br\/wp-content\/uploads\/2025\/04\/caveira-scaled.jpg 1854w\" sizes=\"(max-width: 742px) 100vw, 742px\" \/><figcaption class=\"wp-element-caption\"><strong>at\u00e9 12 cm sem altera\u00e7\u00f5es<\/strong><\/figcaption><\/figure>\n\n\n\n<figure class=\"wp-block-image size-large\"><img loading=\"lazy\" decoding=\"async\" width=\"742\" height=\"1024\" data-id=\"1035\" src=\"https:\/\/araujosdaniel.com.br\/wp-content\/uploads\/2025\/04\/LEOA-742x1024.jpg\" alt=\"\" class=\"wp-image-1035\" srcset=\"https:\/\/araujosdaniel.com.br\/wp-content\/uploads\/2025\/04\/LEOA-742x1024.jpg 742w, https:\/\/araujosdaniel.com.br\/wp-content\/uploads\/2025\/04\/LEOA-217x300.jpg 217w, https:\/\/araujosdaniel.com.br\/wp-content\/uploads\/2025\/04\/LEOA-768x1061.jpg 768w, https:\/\/araujosdaniel.com.br\/wp-content\/uploads\/2025\/04\/LEOA-1112x1536.jpg 1112w, https:\/\/araujosdaniel.com.br\/wp-content\/uploads\/2025\/04\/LEOA-1483x2048.jpg 1483w, https:\/\/araujosdaniel.com.br\/wp-content\/uploads\/2025\/04\/LEOA-782x1080.jpg 782w, https:\/\/araujosdaniel.com.br\/wp-content\/uploads\/2025\/04\/LEOA-scaled.jpg 1854w\" sizes=\"(max-width: 742px) 100vw, 742px\" \/><figcaption class=\"wp-element-caption\"><strong>12 cm<\/strong><\/figcaption><\/figure>\n\n\n\n<figure class=\"wp-block-image size-large\"><img loading=\"lazy\" decoding=\"async\" width=\"742\" height=\"1024\" data-id=\"1042\" src=\"https:\/\/araujosdaniel.com.br\/wp-content\/uploads\/2025\/04\/BUSSOLA-FRASE-1-742x1024.jpg\" alt=\"\" class=\"wp-image-1042\" srcset=\"https:\/\/araujosdaniel.com.br\/wp-content\/uploads\/2025\/04\/BUSSOLA-FRASE-1-742x1024.jpg 742w, https:\/\/araujosdaniel.com.br\/wp-content\/uploads\/2025\/04\/BUSSOLA-FRASE-1-217x300.jpg 217w, https:\/\/araujosdaniel.com.br\/wp-content\/uploads\/2025\/04\/BUSSOLA-FRASE-1-768x1061.jpg 768w, https:\/\/araujosdaniel.com.br\/wp-content\/uploads\/2025\/04\/BUSSOLA-FRASE-1-1112x1536.jpg 1112w, https:\/\/araujosdaniel.com.br\/wp-content\/uploads\/2025\/04\/BUSSOLA-FRASE-1-1483x2048.jpg 1483w, https:\/\/araujosdaniel.com.br\/wp-content\/uploads\/2025\/04\/BUSSOLA-FRASE-1-782x1080.jpg 782w, https:\/\/araujosdaniel.com.br\/wp-content\/uploads\/2025\/04\/BUSSOLA-FRASE-1-scaled.jpg 1854w\" sizes=\"(max-width: 742px) 100vw, 742px\" \/><figcaption class=\"wp-element-caption\"><strong>12 cm<\/strong><\/figcaption><\/figure>\n\n\n\n<figure class=\"wp-block-image size-large\"><img loading=\"lazy\" decoding=\"async\" width=\"742\" height=\"1024\" data-id=\"1044\" src=\"https:\/\/araujosdaniel.com.br\/wp-content\/uploads\/2025\/04\/FAMILIA01-1-742x1024.jpg\" alt=\"\" class=\"wp-image-1044\" srcset=\"https:\/\/araujosdaniel.com.br\/wp-content\/uploads\/2025\/04\/FAMILIA01-1-742x1024.jpg 742w, https:\/\/araujosdaniel.com.br\/wp-content\/uploads\/2025\/04\/FAMILIA01-1-217x300.jpg 217w, https:\/\/araujosdaniel.com.br\/wp-content\/uploads\/2025\/04\/FAMILIA01-1-768x1061.jpg 768w, https:\/\/araujosdaniel.com.br\/wp-content\/uploads\/2025\/04\/FAMILIA01-1-1112x1536.jpg 1112w, https:\/\/araujosdaniel.com.br\/wp-content\/uploads\/2025\/04\/FAMILIA01-1-1483x2048.jpg 1483w, https:\/\/araujosdaniel.com.br\/wp-content\/uploads\/2025\/04\/FAMILIA01-1-782x1080.jpg 782w, https:\/\/araujosdaniel.com.br\/wp-content\/uploads\/2025\/04\/FAMILIA01-1-scaled.jpg 1854w\" sizes=\"(max-width: 742px) 100vw, 742px\" \/><figcaption class=\"wp-element-caption\">12 cm<\/figcaption><\/figure>\n\n\n\n<figure class=\"wp-block-image size-large\"><img loading=\"lazy\" decoding=\"async\" width=\"741\" height=\"1024\" data-id=\"1045\" src=\"https:\/\/araujosdaniel.com.br\/wp-content\/uploads\/2025\/04\/FAMILIA-2-1-741x1024.jpg\" alt=\"\" class=\"wp-image-1045\" srcset=\"https:\/\/araujosdaniel.com.br\/wp-content\/uploads\/2025\/04\/FAMILIA-2-1-741x1024.jpg 741w, https:\/\/araujosdaniel.com.br\/wp-content\/uploads\/2025\/04\/FAMILIA-2-1-217x300.jpg 217w, https:\/\/araujosdaniel.com.br\/wp-content\/uploads\/2025\/04\/FAMILIA-2-1-768x1061.jpg 768w, https:\/\/araujosdaniel.com.br\/wp-content\/uploads\/2025\/04\/FAMILIA-2-1-1112x1536.jpg 1112w, https:\/\/araujosdaniel.com.br\/wp-content\/uploads\/2025\/04\/FAMILIA-2-1-1483x2048.jpg 1483w, https:\/\/araujosdaniel.com.br\/wp-content\/uploads\/2025\/04\/FAMILIA-2-1-782x1080.jpg 782w, https:\/\/araujosdaniel.com.br\/wp-content\/uploads\/2025\/04\/FAMILIA-2-1-scaled.jpg 1854w\" sizes=\"(max-width: 741px) 100vw, 741px\" \/><figcaption class=\"wp-element-caption\">12 cm<\/figcaption><\/figure>\n\n\n\n<figure class=\"wp-block-image size-large\"><img loading=\"lazy\" decoding=\"async\" width=\"742\" height=\"1024\" data-id=\"1046\" src=\"https:\/\/araujosdaniel.com.br\/wp-content\/uploads\/2025\/04\/FAMILIAA-1-742x1024.jpg\" alt=\"\" class=\"wp-image-1046\" srcset=\"https:\/\/araujosdaniel.com.br\/wp-content\/uploads\/2025\/04\/FAMILIAA-1-742x1024.jpg 742w, https:\/\/araujosdaniel.com.br\/wp-content\/uploads\/2025\/04\/FAMILIAA-1-217x300.jpg 217w, https:\/\/araujosdaniel.com.br\/wp-content\/uploads\/2025\/04\/FAMILIAA-1-768x1061.jpg 768w, https:\/\/araujosdaniel.com.br\/wp-content\/uploads\/2025\/04\/FAMILIAA-1-1112x1536.jpg 1112w, https:\/\/araujosdaniel.com.br\/wp-content\/uploads\/2025\/04\/FAMILIAA-1-1483x2048.jpg 1483w, https:\/\/araujosdaniel.com.br\/wp-content\/uploads\/2025\/04\/FAMILIAA-1-782x1080.jpg 782w, https:\/\/araujosdaniel.com.br\/wp-content\/uploads\/2025\/04\/FAMILIAA-1-scaled.jpg 1854w\" sizes=\"(max-width: 742px) 100vw, 742px\" \/><figcaption class=\"wp-element-caption\">15 cm<\/figcaption><\/figure>\n\n\n\n<figure class=\"wp-block-image size-large\"><img loading=\"lazy\" decoding=\"async\" width=\"724\" height=\"1024\" data-id=\"1047\" src=\"https:\/\/araujosdaniel.com.br\/wp-content\/uploads\/2025\/04\/IMG_3535-1-724x1024.jpg\" alt=\"\" class=\"wp-image-1047\" srcset=\"https:\/\/araujosdaniel.com.br\/wp-content\/uploads\/2025\/04\/IMG_3535-1-724x1024.jpg 724w, https:\/\/araujosdaniel.com.br\/wp-content\/uploads\/2025\/04\/IMG_3535-1-212x300.jpg 212w, https:\/\/araujosdaniel.com.br\/wp-content\/uploads\/2025\/04\/IMG_3535-1-768x1086.jpg 768w, https:\/\/araujosdaniel.com.br\/wp-content\/uploads\/2025\/04\/IMG_3535-1-1086x1536.jpg 1086w, https:\/\/araujosdaniel.com.br\/wp-content\/uploads\/2025\/04\/IMG_3535-1-1448x2048.jpg 1448w, https:\/\/araujosdaniel.com.br\/wp-content\/uploads\/2025\/04\/IMG_3535-1-764x1080.jpg 764w, https:\/\/araujosdaniel.com.br\/wp-content\/uploads\/2025\/04\/IMG_3535-1-scaled.jpg 1810w\" sizes=\"(max-width: 724px) 100vw, 724px\" \/><figcaption class=\"wp-element-caption\">8 cm<\/figcaption><\/figure>\n\n\n\n<figure class=\"wp-block-image size-large\"><img loading=\"lazy\" decoding=\"async\" width=\"724\" height=\"1024\" data-id=\"1048\" src=\"https:\/\/araujosdaniel.com.br\/wp-content\/uploads\/2025\/04\/IMG_3536-1-724x1024.jpg\" alt=\"\" class=\"wp-image-1048\" srcset=\"https:\/\/araujosdaniel.com.br\/wp-content\/uploads\/2025\/04\/IMG_3536-1-724x1024.jpg 724w, https:\/\/araujosdaniel.com.br\/wp-content\/uploads\/2025\/04\/IMG_3536-1-212x300.jpg 212w, https:\/\/araujosdaniel.com.br\/wp-content\/uploads\/2025\/04\/IMG_3536-1-768x1086.jpg 768w, https:\/\/araujosdaniel.com.br\/wp-content\/uploads\/2025\/04\/IMG_3536-1-1086x1536.jpg 1086w, https:\/\/araujosdaniel.com.br\/wp-content\/uploads\/2025\/04\/IMG_3536-1-1448x2048.jpg 1448w, https:\/\/araujosdaniel.com.br\/wp-content\/uploads\/2025\/04\/IMG_3536-1-764x1080.jpg 764w, https:\/\/araujosdaniel.com.br\/wp-content\/uploads\/2025\/04\/IMG_3536-1-scaled.jpg 1810w\" sizes=\"(max-width: 724px) 100vw, 724px\" \/><figcaption class=\"wp-element-caption\">12 cm<\/figcaption><\/figure>\n\n\n\n<figure class=\"wp-block-image size-large\"><img loading=\"lazy\" decoding=\"async\" width=\"742\" height=\"1024\" data-id=\"1049\" src=\"https:\/\/araujosdaniel.com.br\/wp-content\/uploads\/2025\/04\/maos-1-742x1024.jpg\" alt=\"\" class=\"wp-image-1049\" srcset=\"https:\/\/araujosdaniel.com.br\/wp-content\/uploads\/2025\/04\/maos-1-742x1024.jpg 742w, https:\/\/araujosdaniel.com.br\/wp-content\/uploads\/2025\/04\/maos-1-217x300.jpg 217w, https:\/\/araujosdaniel.com.br\/wp-content\/uploads\/2025\/04\/maos-1-768x1061.jpg 768w, https:\/\/araujosdaniel.com.br\/wp-content\/uploads\/2025\/04\/maos-1-1112x1536.jpg 1112w, https:\/\/araujosdaniel.com.br\/wp-content\/uploads\/2025\/04\/maos-1-1483x2048.jpg 1483w, https:\/\/araujosdaniel.com.br\/wp-content\/uploads\/2025\/04\/maos-1-782x1080.jpg 782w, https:\/\/araujosdaniel.com.br\/wp-content\/uploads\/2025\/04\/maos-1-scaled.jpg 1854w\" sizes=\"(max-width: 742px) 100vw, 742px\" \/><figcaption class=\"wp-element-caption\">12 cm<\/figcaption><\/figure>\n<\/figure>\n","protected":false},"excerpt":{"rendered":"<p>Desenhos Autorais disponiveis para portfolio , Para criar essas artes fiz um estudo relacionado a Geometria Sagrada , cada elemento do desenho foi feito um estudo para encaixar cada simbolo e elemento no local mais adequado para ficar com uma \u00f3tima simetria..Geometria sagrada \u00e9 um campo de estudo que explora formas, propor\u00e7\u00f5es e padr\u00f5es geom\u00e9tricos [&hellip;]<\/p>\n","protected":false},"author":1,"featured_media":0,"parent":0,"menu_order":0,"comment_status":"closed","ping_status":"closed","template":"","meta":{"saved_in_kubio":false,"footnotes":""},"class_list":["post-1041","page","type-page","status-publish","hentry"],"kubio_ai_page_context":{"short_desc":"","purpose":"general"},"_links":{"self":[{"href":"https:\/\/araujosdaniel.com.br\/index.php?rest_route=\/wp\/v2\/pages\/1041","targetHints":{"allow":["GET"]}}],"collection":[{"href":"https:\/\/araujosdaniel.com.br\/index.php?rest_route=\/wp\/v2\/pages"}],"about":[{"href":"https:\/\/araujosdaniel.com.br\/index.php?rest_route=\/wp\/v2\/types\/page"}],"author":[{"embeddable":true,"href":"https:\/\/araujosdaniel.com.br\/index.php?rest_route=\/wp\/v2\/users\/1"}],"replies":[{"embeddable":true,"href":"https:\/\/araujosdaniel.com.br\/index.php?rest_route=%2Fwp%2Fv2%2Fcomments&post=1041"}],"version-history":[{"count":4,"href":"https:\/\/araujosdaniel.com.br\/index.php?rest_route=\/wp\/v2\/pages\/1041\/revisions"}],"predecessor-version":[{"id":1054,"href":"https:\/\/araujosdaniel.com.br\/index.php?rest_route=\/wp\/v2\/pages\/1041\/revisions\/1054"}],"wp:attachment":[{"href":"https:\/\/araujosdaniel.com.br\/index.php?rest_route=%2Fwp%2Fv2%2Fmedia&parent=1041"}],"curies":[{"name":"wp","href":"https:\/\/api.w.org\/{rel}","templated":true}]}}