{"id":228,"date":"2025-04-11T19:35:55","date_gmt":"2025-04-11T22:35:55","guid":{"rendered":"https:\/\/araujosdaniel.com.br\/?page_id=228"},"modified":"2025-04-11T19:35:55","modified_gmt":"2025-04-11T22:35:55","slug":"flash-tattoo-ate-6-centimetros","status":"publish","type":"page","link":"https:\/\/araujosdaniel.com.br\/?page_id=228","title":{"rendered":"FLASH TATTOO AT\u00c9 6 CENTIMETROS"},"content":{"rendered":"\n<p><strong>FLASH DE AT\u00c9 6 CM CADA DESENHO , VALOR 1 POR R$ 50  E 2 POR R$ 80  ESSE VALOR \u00c9 PARA FAZER OS DESENHOS SEM ALTERA\u00c7\u00d5ES NOS DESENHOS <\/strong><\/p>\n\n\n\n<figure class=\"wp-block-gallery has-nested-images columns-default is-cropped wp-block-gallery-1 is-layout-flex wp-block-gallery-is-layout-flex\">\n<figure class=\"wp-block-image size-large\"><img loading=\"lazy\" decoding=\"async\" width=\"723\" height=\"1024\" data-id=\"211\" src=\"https:\/\/araujosdaniel.com.br\/wp-content\/uploads\/2025\/04\/flash-tattoo-frases-8-723x1024.jpg\" alt=\"\" class=\"wp-image-211\" srcset=\"https:\/\/araujosdaniel.com.br\/wp-content\/uploads\/2025\/04\/flash-tattoo-frases-8-723x1024.jpg 723w, https:\/\/araujosdaniel.com.br\/wp-content\/uploads\/2025\/04\/flash-tattoo-frases-8-212x300.jpg 212w, https:\/\/araujosdaniel.com.br\/wp-content\/uploads\/2025\/04\/flash-tattoo-frases-8.jpg 736w\" sizes=\"(max-width: 723px) 100vw, 723px\" \/><\/figure>\n\n\n\n<figure class=\"wp-block-image size-large\"><img loading=\"lazy\" decoding=\"async\" width=\"614\" height=\"1024\" data-id=\"212\" src=\"https:\/\/araujosdaniel.com.br\/wp-content\/uploads\/2025\/04\/Resiliencia-fonts-8-614x1024.jpg\" alt=\"\" class=\"wp-image-212\" srcset=\"https:\/\/araujosdaniel.com.br\/wp-content\/uploads\/2025\/04\/Resiliencia-fonts-8-614x1024.jpg 614w, https:\/\/araujosdaniel.com.br\/wp-content\/uploads\/2025\/04\/Resiliencia-fonts-8-180x300.jpg 180w, https:\/\/araujosdaniel.com.br\/wp-content\/uploads\/2025\/04\/Resiliencia-fonts-8-648x1080.jpg 648w, https:\/\/araujosdaniel.com.br\/wp-content\/uploads\/2025\/04\/Resiliencia-fonts-8.jpg 736w\" sizes=\"(max-width: 614px) 100vw, 614px\" \/><\/figure>\n\n\n\n<figure class=\"wp-block-image size-large\"><img loading=\"lazy\" decoding=\"async\" width=\"736\" height=\"981\" data-id=\"207\" src=\"https:\/\/araujosdaniel.com.br\/wp-content\/uploads\/2025\/04\/e7581d7b-fd87-411f-805d-bc29e56406cb-8.jpg\" alt=\"\" class=\"wp-image-207\" srcset=\"https:\/\/araujosdaniel.com.br\/wp-content\/uploads\/2025\/04\/e7581d7b-fd87-411f-805d-bc29e56406cb-8.jpg 736w, https:\/\/araujosdaniel.com.br\/wp-content\/uploads\/2025\/04\/e7581d7b-fd87-411f-805d-bc29e56406cb-8-225x300.jpg 225w\" sizes=\"(max-width: 736px) 100vw, 736px\" \/><\/figure>\n\n\n\n<figure class=\"wp-block-image size-large\"><img loading=\"lazy\" decoding=\"async\" width=\"736\" height=\"981\" data-id=\"208\" src=\"https:\/\/araujosdaniel.com.br\/wp-content\/uploads\/2025\/04\/eeb5412e-ff07-4ad5-a843-3db14cd16125-8.jpg\" alt=\"\" class=\"wp-image-208\" srcset=\"https:\/\/araujosdaniel.com.br\/wp-content\/uploads\/2025\/04\/eeb5412e-ff07-4ad5-a843-3db14cd16125-8.jpg 736w, https:\/\/araujosdaniel.com.br\/wp-content\/uploads\/2025\/04\/eeb5412e-ff07-4ad5-a843-3db14cd16125-8-225x300.jpg 225w\" sizes=\"(max-width: 736px) 100vw, 736px\" \/><\/figure>\n\n\n\n<figure class=\"wp-block-image size-large\"><img loading=\"lazy\" decoding=\"async\" width=\"611\" height=\"1024\" data-id=\"209\" src=\"https:\/\/araujosdaniel.com.br\/wp-content\/uploads\/2025\/04\/f1661060-7428-4618-b450-b10444e5bc89-8-611x1024.jpg\" alt=\"\" class=\"wp-image-209\" srcset=\"https:\/\/araujosdaniel.com.br\/wp-content\/uploads\/2025\/04\/f1661060-7428-4618-b450-b10444e5bc89-8-611x1024.jpg 611w, https:\/\/araujosdaniel.com.br\/wp-content\/uploads\/2025\/04\/f1661060-7428-4618-b450-b10444e5bc89-8-179x300.jpg 179w, https:\/\/araujosdaniel.com.br\/wp-content\/uploads\/2025\/04\/f1661060-7428-4618-b450-b10444e5bc89-8-645x1080.jpg 645w, https:\/\/araujosdaniel.com.br\/wp-content\/uploads\/2025\/04\/f1661060-7428-4618-b450-b10444e5bc89-8.jpg 736w\" sizes=\"(max-width: 611px) 100vw, 611px\" \/><\/figure>\n\n\n\n<figure class=\"wp-block-image size-large\"><img loading=\"lazy\" decoding=\"async\" width=\"614\" height=\"1024\" data-id=\"210\" src=\"https:\/\/araujosdaniel.com.br\/wp-content\/uploads\/2025\/04\/fb5a8588-69dd-4c17-b447-b4645f0afcd6-8-614x1024.jpg\" alt=\"\" class=\"wp-image-210\" srcset=\"https:\/\/araujosdaniel.com.br\/wp-content\/uploads\/2025\/04\/fb5a8588-69dd-4c17-b447-b4645f0afcd6-8-614x1024.jpg 614w, https:\/\/araujosdaniel.com.br\/wp-content\/uploads\/2025\/04\/fb5a8588-69dd-4c17-b447-b4645f0afcd6-8-180x300.jpg 180w, https:\/\/araujosdaniel.com.br\/wp-content\/uploads\/2025\/04\/fb5a8588-69dd-4c17-b447-b4645f0afcd6-8-648x1080.jpg 648w, https:\/\/araujosdaniel.com.br\/wp-content\/uploads\/2025\/04\/fb5a8588-69dd-4c17-b447-b4645f0afcd6-8.jpg 736w\" sizes=\"(max-width: 614px) 100vw, 614px\" \/><\/figure>\n\n\n\n<figure class=\"wp-block-image size-large\"><img loading=\"lazy\" decoding=\"async\" width=\"720\" height=\"960\" data-id=\"206\" src=\"https:\/\/araujosdaniel.com.br\/wp-content\/uploads\/2025\/04\/e4661ee8-274c-4b9a-863c-5dfa2e758ab3-7.jpg\" alt=\"\" class=\"wp-image-206\" srcset=\"https:\/\/araujosdaniel.com.br\/wp-content\/uploads\/2025\/04\/e4661ee8-274c-4b9a-863c-5dfa2e758ab3-7.jpg 720w, https:\/\/araujosdaniel.com.br\/wp-content\/uploads\/2025\/04\/e4661ee8-274c-4b9a-863c-5dfa2e758ab3-7-225x300.jpg 225w\" sizes=\"(max-width: 720px) 100vw, 720px\" \/><\/figure>\n\n\n\n<figure class=\"wp-block-image size-large\"><img loading=\"lazy\" decoding=\"async\" width=\"576\" height=\"1024\" data-id=\"204\" src=\"https:\/\/araujosdaniel.com.br\/wp-content\/uploads\/2025\/04\/bf0c3d58-1d20-49a2-b175-bbf495488bb5-7-576x1024.jpg\" alt=\"\" class=\"wp-image-204\" srcset=\"https:\/\/araujosdaniel.com.br\/wp-content\/uploads\/2025\/04\/bf0c3d58-1d20-49a2-b175-bbf495488bb5-7-576x1024.jpg 576w, https:\/\/araujosdaniel.com.br\/wp-content\/uploads\/2025\/04\/bf0c3d58-1d20-49a2-b175-bbf495488bb5-7-169x300.jpg 169w, https:\/\/araujosdaniel.com.br\/wp-content\/uploads\/2025\/04\/bf0c3d58-1d20-49a2-b175-bbf495488bb5-7-607x1080.jpg 607w, https:\/\/araujosdaniel.com.br\/wp-content\/uploads\/2025\/04\/bf0c3d58-1d20-49a2-b175-bbf495488bb5-7.jpg 736w\" sizes=\"(max-width: 576px) 100vw, 576px\" \/><\/figure>\n\n\n\n<figure class=\"wp-block-image size-large\"><img loading=\"lazy\" decoding=\"async\" width=\"735\" height=\"999\" data-id=\"203\" src=\"https:\/\/araujosdaniel.com.br\/wp-content\/uploads\/2025\/04\/bb2fce4f-91d7-4186-9621-b1329ae62c30-7.jpg\" alt=\"\" class=\"wp-image-203\" srcset=\"https:\/\/araujosdaniel.com.br\/wp-content\/uploads\/2025\/04\/bb2fce4f-91d7-4186-9621-b1329ae62c30-7.jpg 735w, https:\/\/araujosdaniel.com.br\/wp-content\/uploads\/2025\/04\/bb2fce4f-91d7-4186-9621-b1329ae62c30-7-221x300.jpg 221w\" sizes=\"(max-width: 735px) 100vw, 735px\" \/><\/figure>\n\n\n\n<figure class=\"wp-block-image size-large\"><img loading=\"lazy\" decoding=\"async\" width=\"736\" height=\"920\" data-id=\"205\" src=\"https:\/\/araujosdaniel.com.br\/wp-content\/uploads\/2025\/04\/d92370ae-70e4-435a-93ea-4952d7351b6c-7.jpg\" alt=\"\" class=\"wp-image-205\" srcset=\"https:\/\/araujosdaniel.com.br\/wp-content\/uploads\/2025\/04\/d92370ae-70e4-435a-93ea-4952d7351b6c-7.jpg 736w, https:\/\/araujosdaniel.com.br\/wp-content\/uploads\/2025\/04\/d92370ae-70e4-435a-93ea-4952d7351b6c-7-240x300.jpg 240w\" sizes=\"(max-width: 736px) 100vw, 736px\" \/><\/figure>\n\n\n\n<figure class=\"wp-block-image size-large\"><img loading=\"lazy\" decoding=\"async\" width=\"576\" height=\"1024\" data-id=\"202\" src=\"https:\/\/araujosdaniel.com.br\/wp-content\/uploads\/2025\/04\/baixados-15-7-576x1024.jpg\" alt=\"\" class=\"wp-image-202\" srcset=\"https:\/\/araujosdaniel.com.br\/wp-content\/uploads\/2025\/04\/baixados-15-7-576x1024.jpg 576w, https:\/\/araujosdaniel.com.br\/wp-content\/uploads\/2025\/04\/baixados-15-7-169x300.jpg 169w, https:\/\/araujosdaniel.com.br\/wp-content\/uploads\/2025\/04\/baixados-15-7-608x1080.jpg 608w, https:\/\/araujosdaniel.com.br\/wp-content\/uploads\/2025\/04\/baixados-15-7.jpg 736w\" sizes=\"(max-width: 576px) 100vw, 576px\" \/><\/figure>\n\n\n\n<figure class=\"wp-block-image size-large\"><img loading=\"lazy\" decoding=\"async\" width=\"736\" height=\"918\" data-id=\"200\" src=\"https:\/\/araujosdaniel.com.br\/wp-content\/uploads\/2025\/04\/baixados-13-8.jpg\" alt=\"\" class=\"wp-image-200\" srcset=\"https:\/\/araujosdaniel.com.br\/wp-content\/uploads\/2025\/04\/baixados-13-8.jpg 736w, https:\/\/araujosdaniel.com.br\/wp-content\/uploads\/2025\/04\/baixados-13-8-241x300.jpg 241w\" sizes=\"(max-width: 736px) 100vw, 736px\" \/><\/figure>\n\n\n\n<figure class=\"wp-block-image size-large\"><img loading=\"lazy\" decoding=\"async\" width=\"576\" height=\"1024\" data-id=\"201\" src=\"https:\/\/araujosdaniel.com.br\/wp-content\/uploads\/2025\/04\/baixados-14-7-576x1024.jpg\" alt=\"\" class=\"wp-image-201\" srcset=\"https:\/\/araujosdaniel.com.br\/wp-content\/uploads\/2025\/04\/baixados-14-7-576x1024.jpg 576w, https:\/\/araujosdaniel.com.br\/wp-content\/uploads\/2025\/04\/baixados-14-7-169x300.jpg 169w, https:\/\/araujosdaniel.com.br\/wp-content\/uploads\/2025\/04\/baixados-14-7-608x1080.jpg 608w, https:\/\/araujosdaniel.com.br\/wp-content\/uploads\/2025\/04\/baixados-14-7.jpg 675w\" sizes=\"(max-width: 576px) 100vw, 576px\" \/><\/figure>\n\n\n\n<figure class=\"wp-block-image size-large\"><img loading=\"lazy\" decoding=\"async\" width=\"576\" height=\"1024\" data-id=\"199\" src=\"https:\/\/araujosdaniel.com.br\/wp-content\/uploads\/2025\/04\/baixados-12-7-576x1024.jpg\" alt=\"\" class=\"wp-image-199\" srcset=\"https:\/\/araujosdaniel.com.br\/wp-content\/uploads\/2025\/04\/baixados-12-7-576x1024.jpg 576w, https:\/\/araujosdaniel.com.br\/wp-content\/uploads\/2025\/04\/baixados-12-7-169x300.jpg 169w, https:\/\/araujosdaniel.com.br\/wp-content\/uploads\/2025\/04\/baixados-12-7-608x1080.jpg 608w, https:\/\/araujosdaniel.com.br\/wp-content\/uploads\/2025\/04\/baixados-12-7.jpg 736w\" sizes=\"(max-width: 576px) 100vw, 576px\" \/><\/figure>\n\n\n\n<figure class=\"wp-block-image size-large\"><img loading=\"lazy\" decoding=\"async\" width=\"735\" height=\"912\" data-id=\"198\" src=\"https:\/\/araujosdaniel.com.br\/wp-content\/uploads\/2025\/04\/baixados-11-7.jpg\" alt=\"\" class=\"wp-image-198\" srcset=\"https:\/\/araujosdaniel.com.br\/wp-content\/uploads\/2025\/04\/baixados-11-7.jpg 735w, https:\/\/araujosdaniel.com.br\/wp-content\/uploads\/2025\/04\/baixados-11-7-242x300.jpg 242w\" sizes=\"(max-width: 735px) 100vw, 735px\" \/><\/figure>\n\n\n\n<figure class=\"wp-block-image size-large\"><img loading=\"lazy\" decoding=\"async\" width=\"723\" height=\"1024\" data-id=\"194\" src=\"https:\/\/araujosdaniel.com.br\/wp-content\/uploads\/2025\/04\/b02ace53-8f3e-4559-8ce6-4a90f119ce46-7-723x1024.jpg\" alt=\"\" class=\"wp-image-194\" srcset=\"https:\/\/araujosdaniel.com.br\/wp-content\/uploads\/2025\/04\/b02ace53-8f3e-4559-8ce6-4a90f119ce46-7-723x1024.jpg 723w, https:\/\/araujosdaniel.com.br\/wp-content\/uploads\/2025\/04\/b02ace53-8f3e-4559-8ce6-4a90f119ce46-7-212x300.jpg 212w, https:\/\/araujosdaniel.com.br\/wp-content\/uploads\/2025\/04\/b02ace53-8f3e-4559-8ce6-4a90f119ce46-7.jpg 736w\" sizes=\"(max-width: 723px) 100vw, 723px\" \/><\/figure>\n\n\n\n<figure class=\"wp-block-image size-large\"><img loading=\"lazy\" decoding=\"async\" width=\"736\" height=\"981\" data-id=\"196\" src=\"https:\/\/araujosdaniel.com.br\/wp-content\/uploads\/2025\/04\/baixados-9-7.jpg\" alt=\"\" class=\"wp-image-196\" srcset=\"https:\/\/araujosdaniel.com.br\/wp-content\/uploads\/2025\/04\/baixados-9-7.jpg 736w, https:\/\/araujosdaniel.com.br\/wp-content\/uploads\/2025\/04\/baixados-9-7-225x300.jpg 225w\" sizes=\"(max-width: 736px) 100vw, 736px\" \/><\/figure>\n\n\n\n<figure class=\"wp-block-image size-large\"><img loading=\"lazy\" decoding=\"async\" width=\"724\" height=\"1024\" data-id=\"195\" src=\"https:\/\/araujosdaniel.com.br\/wp-content\/uploads\/2025\/04\/baixados-8-8-724x1024.jpg\" alt=\"\" class=\"wp-image-195\" srcset=\"https:\/\/araujosdaniel.com.br\/wp-content\/uploads\/2025\/04\/baixados-8-8-724x1024.jpg 724w, https:\/\/araujosdaniel.com.br\/wp-content\/uploads\/2025\/04\/baixados-8-8-212x300.jpg 212w, https:\/\/araujosdaniel.com.br\/wp-content\/uploads\/2025\/04\/baixados-8-8.jpg 736w\" sizes=\"(max-width: 724px) 100vw, 724px\" \/><\/figure>\n\n\n\n<figure class=\"wp-block-image size-large\"><img loading=\"lazy\" decoding=\"async\" width=\"736\" height=\"761\" data-id=\"197\" src=\"https:\/\/araujosdaniel.com.br\/wp-content\/uploads\/2025\/04\/baixados-10-8.jpg\" alt=\"\" class=\"wp-image-197\" srcset=\"https:\/\/araujosdaniel.com.br\/wp-content\/uploads\/2025\/04\/baixados-10-8.jpg 736w, https:\/\/araujosdaniel.com.br\/wp-content\/uploads\/2025\/04\/baixados-10-8-290x300.jpg 290w\" sizes=\"(max-width: 736px) 100vw, 736px\" \/><\/figure>\n\n\n\n<figure class=\"wp-block-image size-large\"><img loading=\"lazy\" decoding=\"async\" width=\"736\" height=\"1020\" data-id=\"193\" src=\"https:\/\/araujosdaniel.com.br\/wp-content\/uploads\/2025\/04\/77951070-c512-41f0-8af5-930dcb4ac9f0-8.jpg\" alt=\"\" class=\"wp-image-193\" srcset=\"https:\/\/araujosdaniel.com.br\/wp-content\/uploads\/2025\/04\/77951070-c512-41f0-8af5-930dcb4ac9f0-8.jpg 736w, https:\/\/araujosdaniel.com.br\/wp-content\/uploads\/2025\/04\/77951070-c512-41f0-8af5-930dcb4ac9f0-8-216x300.jpg 216w\" sizes=\"(max-width: 736px) 100vw, 736px\" \/><\/figure>\n\n\n\n<figure class=\"wp-block-image size-large\"><img loading=\"lazy\" decoding=\"async\" width=\"736\" height=\"1025\" data-id=\"190\" src=\"https:\/\/araujosdaniel.com.br\/wp-content\/uploads\/2025\/04\/204b8dea-7924-471b-9071-f30ee4c7340b-8.jpg\" alt=\"\" class=\"wp-image-190\" srcset=\"https:\/\/araujosdaniel.com.br\/wp-content\/uploads\/2025\/04\/204b8dea-7924-471b-9071-f30ee4c7340b-8.jpg 736w, https:\/\/araujosdaniel.com.br\/wp-content\/uploads\/2025\/04\/204b8dea-7924-471b-9071-f30ee4c7340b-8-215x300.jpg 215w\" sizes=\"(max-width: 736px) 100vw, 736px\" \/><\/figure>\n\n\n\n<figure class=\"wp-block-image size-large\"><img loading=\"lazy\" decoding=\"async\" width=\"614\" height=\"1024\" data-id=\"191\" src=\"https:\/\/araujosdaniel.com.br\/wp-content\/uploads\/2025\/04\/420ae89d-c9e8-4cad-987c-9a186307eb1e-8-614x1024.jpg\" alt=\"\" class=\"wp-image-191\" srcset=\"https:\/\/araujosdaniel.com.br\/wp-content\/uploads\/2025\/04\/420ae89d-c9e8-4cad-987c-9a186307eb1e-8-614x1024.jpg 614w, https:\/\/araujosdaniel.com.br\/wp-content\/uploads\/2025\/04\/420ae89d-c9e8-4cad-987c-9a186307eb1e-8-180x300.jpg 180w, https:\/\/araujosdaniel.com.br\/wp-content\/uploads\/2025\/04\/420ae89d-c9e8-4cad-987c-9a186307eb1e-8-648x1080.jpg 648w, https:\/\/araujosdaniel.com.br\/wp-content\/uploads\/2025\/04\/420ae89d-c9e8-4cad-987c-9a186307eb1e-8.jpg 736w\" sizes=\"(max-width: 614px) 100vw, 614px\" \/><\/figure>\n\n\n\n<figure class=\"wp-block-image size-large\"><img loading=\"lazy\" decoding=\"async\" width=\"736\" height=\"1017\" data-id=\"192\" src=\"https:\/\/araujosdaniel.com.br\/wp-content\/uploads\/2025\/04\/5423c42b-88db-4a85-82ae-822c542daadf-8.jpg\" alt=\"\" class=\"wp-image-192\" srcset=\"https:\/\/araujosdaniel.com.br\/wp-content\/uploads\/2025\/04\/5423c42b-88db-4a85-82ae-822c542daadf-8.jpg 736w, https:\/\/araujosdaniel.com.br\/wp-content\/uploads\/2025\/04\/5423c42b-88db-4a85-82ae-822c542daadf-8-217x300.jpg 217w\" sizes=\"(max-width: 736px) 100vw, 736px\" \/><\/figure>\n\n\n\n<figure class=\"wp-block-image size-large\"><img loading=\"lazy\" decoding=\"async\" width=\"723\" height=\"1024\" data-id=\"188\" src=\"https:\/\/araujosdaniel.com.br\/wp-content\/uploads\/2025\/04\/69e276ed-57a3-4c31-af85-0d1202fdcf9e-8-723x1024.jpg\" alt=\"\" class=\"wp-image-188\" srcset=\"https:\/\/araujosdaniel.com.br\/wp-content\/uploads\/2025\/04\/69e276ed-57a3-4c31-af85-0d1202fdcf9e-8-723x1024.jpg 723w, https:\/\/araujosdaniel.com.br\/wp-content\/uploads\/2025\/04\/69e276ed-57a3-4c31-af85-0d1202fdcf9e-8-212x300.jpg 212w, https:\/\/araujosdaniel.com.br\/wp-content\/uploads\/2025\/04\/69e276ed-57a3-4c31-af85-0d1202fdcf9e-8.jpg 736w\" sizes=\"(max-width: 723px) 100vw, 723px\" \/><\/figure>\n\n\n\n<figure class=\"wp-block-image size-large\"><img loading=\"lazy\" decoding=\"async\" width=\"615\" height=\"1024\" data-id=\"189\" src=\"https:\/\/araujosdaniel.com.br\/wp-content\/uploads\/2025\/04\/110a8201-b78b-4678-80e9-6681437ee961-7-615x1024.jpg\" alt=\"\" class=\"wp-image-189\" srcset=\"https:\/\/araujosdaniel.com.br\/wp-content\/uploads\/2025\/04\/110a8201-b78b-4678-80e9-6681437ee961-7-615x1024.jpg 615w, https:\/\/araujosdaniel.com.br\/wp-content\/uploads\/2025\/04\/110a8201-b78b-4678-80e9-6681437ee961-7-180x300.jpg 180w, https:\/\/araujosdaniel.com.br\/wp-content\/uploads\/2025\/04\/110a8201-b78b-4678-80e9-6681437ee961-7-648x1080.jpg 648w, https:\/\/araujosdaniel.com.br\/wp-content\/uploads\/2025\/04\/110a8201-b78b-4678-80e9-6681437ee961-7.jpg 736w\" sizes=\"(max-width: 615px) 100vw, 615px\" \/><\/figure>\n\n\n\n<figure class=\"wp-block-image size-large\"><img loading=\"lazy\" decoding=\"async\" width=\"576\" height=\"1024\" data-id=\"187\" src=\"https:\/\/araujosdaniel.com.br\/wp-content\/uploads\/2025\/04\/68fcbe82-6beb-4e48-aa8b-5f2d2b2dbdac-8-576x1024.jpg\" alt=\"\" class=\"wp-image-187\" srcset=\"https:\/\/araujosdaniel.com.br\/wp-content\/uploads\/2025\/04\/68fcbe82-6beb-4e48-aa8b-5f2d2b2dbdac-8-576x1024.jpg 576w, https:\/\/araujosdaniel.com.br\/wp-content\/uploads\/2025\/04\/68fcbe82-6beb-4e48-aa8b-5f2d2b2dbdac-8-169x300.jpg 169w, https:\/\/araujosdaniel.com.br\/wp-content\/uploads\/2025\/04\/68fcbe82-6beb-4e48-aa8b-5f2d2b2dbdac-8-608x1080.jpg 608w, https:\/\/araujosdaniel.com.br\/wp-content\/uploads\/2025\/04\/68fcbe82-6beb-4e48-aa8b-5f2d2b2dbdac-8.jpg 675w\" sizes=\"(max-width: 576px) 100vw, 576px\" \/><\/figure>\n\n\n\n<figure class=\"wp-block-image size-large\"><img loading=\"lazy\" decoding=\"async\" width=\"576\" height=\"1024\" data-id=\"186\" src=\"https:\/\/araujosdaniel.com.br\/wp-content\/uploads\/2025\/04\/65d7783b-86a3-4fcd-8fdb-90760cdedf18-8-576x1024.jpg\" alt=\"\" class=\"wp-image-186\" srcset=\"https:\/\/araujosdaniel.com.br\/wp-content\/uploads\/2025\/04\/65d7783b-86a3-4fcd-8fdb-90760cdedf18-8-576x1024.jpg 576w, https:\/\/araujosdaniel.com.br\/wp-content\/uploads\/2025\/04\/65d7783b-86a3-4fcd-8fdb-90760cdedf18-8-169x300.jpg 169w, https:\/\/araujosdaniel.com.br\/wp-content\/uploads\/2025\/04\/65d7783b-86a3-4fcd-8fdb-90760cdedf18-8-608x1080.jpg 608w, https:\/\/araujosdaniel.com.br\/wp-content\/uploads\/2025\/04\/65d7783b-86a3-4fcd-8fdb-90760cdedf18-8.jpg 736w\" sizes=\"(max-width: 576px) 100vw, 576px\" \/><\/figure>\n\n\n\n<figure class=\"wp-block-image size-large\"><img loading=\"lazy\" decoding=\"async\" width=\"724\" height=\"1024\" data-id=\"185\" src=\"https:\/\/araujosdaniel.com.br\/wp-content\/uploads\/2025\/04\/64da2d07-391d-4659-ae5b-652b8ec7e84f-8-724x1024.jpg\" alt=\"\" class=\"wp-image-185\" srcset=\"https:\/\/araujosdaniel.com.br\/wp-content\/uploads\/2025\/04\/64da2d07-391d-4659-ae5b-652b8ec7e84f-8-724x1024.jpg 724w, https:\/\/araujosdaniel.com.br\/wp-content\/uploads\/2025\/04\/64da2d07-391d-4659-ae5b-652b8ec7e84f-8-212x300.jpg 212w, https:\/\/araujosdaniel.com.br\/wp-content\/uploads\/2025\/04\/64da2d07-391d-4659-ae5b-652b8ec7e84f-8.jpg 736w\" sizes=\"(max-width: 724px) 100vw, 724px\" \/><\/figure>\n\n\n\n<figure class=\"wp-block-image size-large\"><img loading=\"lazy\" decoding=\"async\" width=\"640\" height=\"1024\" data-id=\"183\" src=\"https:\/\/araujosdaniel.com.br\/wp-content\/uploads\/2025\/04\/15c96cad-a0b8-48f9-91cf-d44e048a9586-8.jpg\" alt=\"\" class=\"wp-image-183\" srcset=\"https:\/\/araujosdaniel.com.br\/wp-content\/uploads\/2025\/04\/15c96cad-a0b8-48f9-91cf-d44e048a9586-8.jpg 640w, https:\/\/araujosdaniel.com.br\/wp-content\/uploads\/2025\/04\/15c96cad-a0b8-48f9-91cf-d44e048a9586-8-188x300.jpg 188w\" sizes=\"(max-width: 640px) 100vw, 640px\" \/><\/figure>\n\n\n\n<figure class=\"wp-block-image size-large\"><img loading=\"lazy\" decoding=\"async\" width=\"736\" height=\"920\" data-id=\"184\" src=\"https:\/\/araujosdaniel.com.br\/wp-content\/uploads\/2025\/04\/21a5067f-531c-4c07-b2f5-09e31a5e4bb1-8.jpg\" alt=\"\" class=\"wp-image-184\" srcset=\"https:\/\/araujosdaniel.com.br\/wp-content\/uploads\/2025\/04\/21a5067f-531c-4c07-b2f5-09e31a5e4bb1-8.jpg 736w, https:\/\/araujosdaniel.com.br\/wp-content\/uploads\/2025\/04\/21a5067f-531c-4c07-b2f5-09e31a5e4bb1-8-240x300.jpg 240w\" sizes=\"(max-width: 736px) 100vw, 736px\" \/><\/figure>\n\n\n\n<figure class=\"wp-block-image size-large\"><img loading=\"lazy\" decoding=\"async\" width=\"724\" height=\"1024\" data-id=\"179\" src=\"https:\/\/araujosdaniel.com.br\/wp-content\/uploads\/2025\/04\/3cfd7e8c-b475-4be3-82ab-4463d7126232-8-724x1024.jpg\" alt=\"\" class=\"wp-image-179\" srcset=\"https:\/\/araujosdaniel.com.br\/wp-content\/uploads\/2025\/04\/3cfd7e8c-b475-4be3-82ab-4463d7126232-8-724x1024.jpg 724w, https:\/\/araujosdaniel.com.br\/wp-content\/uploads\/2025\/04\/3cfd7e8c-b475-4be3-82ab-4463d7126232-8-212x300.jpg 212w, https:\/\/araujosdaniel.com.br\/wp-content\/uploads\/2025\/04\/3cfd7e8c-b475-4be3-82ab-4463d7126232-8.jpg 736w\" sizes=\"(max-width: 724px) 100vw, 724px\" \/><\/figure>\n\n\n\n<figure class=\"wp-block-image size-large\"><img loading=\"lazy\" decoding=\"async\" width=\"576\" height=\"1024\" data-id=\"180\" src=\"https:\/\/araujosdaniel.com.br\/wp-content\/uploads\/2025\/04\/05aaf521-f2dd-4415-a921-1a5203f14e19-8-576x1024.jpg\" alt=\"\" class=\"wp-image-180\" srcset=\"https:\/\/araujosdaniel.com.br\/wp-content\/uploads\/2025\/04\/05aaf521-f2dd-4415-a921-1a5203f14e19-8-576x1024.jpg 576w, https:\/\/araujosdaniel.com.br\/wp-content\/uploads\/2025\/04\/05aaf521-f2dd-4415-a921-1a5203f14e19-8-169x300.jpg 169w, https:\/\/araujosdaniel.com.br\/wp-content\/uploads\/2025\/04\/05aaf521-f2dd-4415-a921-1a5203f14e19-8-608x1080.jpg 608w, https:\/\/araujosdaniel.com.br\/wp-content\/uploads\/2025\/04\/05aaf521-f2dd-4415-a921-1a5203f14e19-8.jpg 736w\" sizes=\"(max-width: 576px) 100vw, 576px\" \/><\/figure>\n\n\n\n<figure class=\"wp-block-image size-large\"><img loading=\"lazy\" decoding=\"async\" width=\"736\" height=\"981\" data-id=\"182\" src=\"https:\/\/araujosdaniel.com.br\/wp-content\/uploads\/2025\/04\/8cdb9916-7b1c-4bfb-b911-73bd01fec1ce-8.jpg\" alt=\"\" class=\"wp-image-182\" srcset=\"https:\/\/araujosdaniel.com.br\/wp-content\/uploads\/2025\/04\/8cdb9916-7b1c-4bfb-b911-73bd01fec1ce-8.jpg 736w, https:\/\/araujosdaniel.com.br\/wp-content\/uploads\/2025\/04\/8cdb9916-7b1c-4bfb-b911-73bd01fec1ce-8-225x300.jpg 225w\" sizes=\"(max-width: 736px) 100vw, 736px\" \/><\/figure>\n\n\n\n<figure class=\"wp-block-image size-large\"><img loading=\"lazy\" decoding=\"async\" width=\"679\" height=\"960\" data-id=\"181\" src=\"https:\/\/araujosdaniel.com.br\/wp-content\/uploads\/2025\/04\/7e9fca94-c10a-4bd8-9f3e-199288b554c2-8.jpg\" alt=\"\" class=\"wp-image-181\" srcset=\"https:\/\/araujosdaniel.com.br\/wp-content\/uploads\/2025\/04\/7e9fca94-c10a-4bd8-9f3e-199288b554c2-8.jpg 679w, https:\/\/araujosdaniel.com.br\/wp-content\/uploads\/2025\/04\/7e9fca94-c10a-4bd8-9f3e-199288b554c2-8-212x300.jpg 212w\" sizes=\"(max-width: 679px) 100vw, 679px\" \/><\/figure>\n\n\n\n<figure class=\"wp-block-image size-large\"><img loading=\"lazy\" decoding=\"async\" width=\"724\" height=\"1024\" data-id=\"178\" src=\"https:\/\/araujosdaniel.com.br\/wp-content\/uploads\/2025\/04\/2e489441-6423-43c9-886b-70813e10bba6-9-724x1024.jpg\" alt=\"\" class=\"wp-image-178\" srcset=\"https:\/\/araujosdaniel.com.br\/wp-content\/uploads\/2025\/04\/2e489441-6423-43c9-886b-70813e10bba6-9-724x1024.jpg 724w, https:\/\/araujosdaniel.com.br\/wp-content\/uploads\/2025\/04\/2e489441-6423-43c9-886b-70813e10bba6-9-212x300.jpg 212w, https:\/\/araujosdaniel.com.br\/wp-content\/uploads\/2025\/04\/2e489441-6423-43c9-886b-70813e10bba6-9.jpg 736w\" sizes=\"(max-width: 724px) 100vw, 724px\" \/><\/figure>\n<\/figure>\n","protected":false},"excerpt":{"rendered":"<p>FLASH DE AT\u00c9 6 CM CADA DESENHO , VALOR 1 POR R$ 50 E 2 POR R$ 80 ESSE VALOR \u00c9 PARA FAZER OS DESENHOS SEM ALTERA\u00c7\u00d5ES NOS DESENHOS<\/p>\n","protected":false},"author":1,"featured_media":0,"parent":0,"menu_order":0,"comment_status":"closed","ping_status":"closed","template":"","meta":{"saved_in_kubio":false,"footnotes":""},"class_list":["post-228","page","type-page","status-publish","hentry"],"kubio_ai_page_context":{"short_desc":"","purpose":"general"},"_links":{"self":[{"href":"https:\/\/araujosdaniel.com.br\/index.php?rest_route=\/wp\/v2\/pages\/228","targetHints":{"allow":["GET"]}}],"collection":[{"href":"https:\/\/araujosdaniel.com.br\/index.php?rest_route=\/wp\/v2\/pages"}],"about":[{"href":"https:\/\/araujosdaniel.com.br\/index.php?rest_route=\/wp\/v2\/types\/page"}],"author":[{"embeddable":true,"href":"https:\/\/araujosdaniel.com.br\/index.php?rest_route=\/wp\/v2\/users\/1"}],"replies":[{"embeddable":true,"href":"https:\/\/araujosdaniel.com.br\/index.php?rest_route=%2Fwp%2Fv2%2Fcomments&post=228"}],"version-history":[{"count":1,"href":"https:\/\/araujosdaniel.com.br\/index.php?rest_route=\/wp\/v2\/pages\/228\/revisions"}],"predecessor-version":[{"id":229,"href":"https:\/\/araujosdaniel.com.br\/index.php?rest_route=\/wp\/v2\/pages\/228\/revisions\/229"}],"wp:attachment":[{"href":"https:\/\/araujosdaniel.com.br\/index.php?rest_route=%2Fwp%2Fv2%2Fmedia&parent=228"}],"curies":[{"name":"wp","href":"https:\/\/api.w.org\/{rel}","templated":true}]}}