{"id":272,"date":"2025-04-12T15:47:42","date_gmt":"2025-04-12T18:47:42","guid":{"rendered":"https:\/\/araujosdaniel.com.br\/?page_id=272"},"modified":"2025-04-13T19:31:17","modified_gmt":"2025-04-13T22:31:17","slug":"flash-mini-tattoo-r-5000","status":"publish","type":"page","link":"https:\/\/araujosdaniel.com.br\/?page_id=272","title":{"rendered":"Flash mini Tattoo R$ 50,00"},"content":{"rendered":"\n<p><strong>2 minis Tattoos por R$ 50<\/strong> <\/p>\n\n\n\n<p><strong>Tamanhos at\u00e9  2 cent\u00edmetros cada <\/strong> <strong>sem altera\u00e7\u00f5es nos desenhos<\/strong><\/p>\n\n\n\n<figure class=\"wp-block-gallery has-nested-images columns-default is-cropped wp-block-gallery-1 is-layout-flex wp-block-gallery-is-layout-flex\">\n<figure class=\"wp-block-image size-large\"><img loading=\"lazy\" decoding=\"async\" width=\"723\" height=\"1024\" data-id=\"273\" src=\"https:\/\/araujosdaniel.com.br\/wp-content\/uploads\/2025\/04\/fineline-flashtattoo-littletattoos-723x1024.jpg\" alt=\"\" class=\"wp-image-273\" srcset=\"https:\/\/araujosdaniel.com.br\/wp-content\/uploads\/2025\/04\/fineline-flashtattoo-littletattoos-723x1024.jpg 723w, https:\/\/araujosdaniel.com.br\/wp-content\/uploads\/2025\/04\/fineline-flashtattoo-littletattoos-212x300.jpg 212w, https:\/\/araujosdaniel.com.br\/wp-content\/uploads\/2025\/04\/fineline-flashtattoo-littletattoos.jpg 735w\" sizes=\"(max-width: 723px) 100vw, 723px\" \/><\/figure>\n\n\n\n<figure class=\"wp-block-image size-large\"><img loading=\"lazy\" decoding=\"async\" width=\"474\" height=\"613\" data-id=\"808\" src=\"https:\/\/araujosdaniel.com.br\/wp-content\/uploads\/2025\/04\/890f23e1-6c6d-4f79-9123-4699b9990e32.jpg\" alt=\"\" class=\"wp-image-808\" srcset=\"https:\/\/araujosdaniel.com.br\/wp-content\/uploads\/2025\/04\/890f23e1-6c6d-4f79-9123-4699b9990e32.jpg 474w, https:\/\/araujosdaniel.com.br\/wp-content\/uploads\/2025\/04\/890f23e1-6c6d-4f79-9123-4699b9990e32-232x300.jpg 232w\" sizes=\"(max-width: 474px) 100vw, 474px\" \/><\/figure>\n\n\n\n<figure class=\"wp-block-image size-large\"><img loading=\"lazy\" decoding=\"async\" width=\"736\" height=\"622\" data-id=\"805\" src=\"https:\/\/araujosdaniel.com.br\/wp-content\/uploads\/2025\/04\/baixados-25-1.jpg\" alt=\"\" class=\"wp-image-805\" srcset=\"https:\/\/araujosdaniel.com.br\/wp-content\/uploads\/2025\/04\/baixados-25-1.jpg 736w, https:\/\/araujosdaniel.com.br\/wp-content\/uploads\/2025\/04\/baixados-25-1-300x254.jpg 300w\" sizes=\"(max-width: 736px) 100vw, 736px\" \/><\/figure>\n\n\n\n<figure class=\"wp-block-image size-large\"><img loading=\"lazy\" decoding=\"async\" width=\"576\" height=\"1024\" data-id=\"806\" src=\"https:\/\/araujosdaniel.com.br\/wp-content\/uploads\/2025\/04\/526f841d-17ea-4c3b-9caa-31ae183504dd-576x1024.jpg\" alt=\"\" class=\"wp-image-806\" srcset=\"https:\/\/araujosdaniel.com.br\/wp-content\/uploads\/2025\/04\/526f841d-17ea-4c3b-9caa-31ae183504dd-576x1024.jpg 576w, https:\/\/araujosdaniel.com.br\/wp-content\/uploads\/2025\/04\/526f841d-17ea-4c3b-9caa-31ae183504dd-169x300.jpg 169w, https:\/\/araujosdaniel.com.br\/wp-content\/uploads\/2025\/04\/526f841d-17ea-4c3b-9caa-31ae183504dd-608x1080.jpg 608w, https:\/\/araujosdaniel.com.br\/wp-content\/uploads\/2025\/04\/526f841d-17ea-4c3b-9caa-31ae183504dd.jpg 736w\" sizes=\"(max-width: 576px) 100vw, 576px\" \/><\/figure>\n\n\n\n<figure class=\"wp-block-image size-large\"><img loading=\"lazy\" decoding=\"async\" width=\"724\" height=\"1024\" data-id=\"807\" src=\"https:\/\/araujosdaniel.com.br\/wp-content\/uploads\/2025\/04\/5195a6be-db2e-4f3f-a2b0-cd842dcbc6cf-724x1024.jpg\" alt=\"\" class=\"wp-image-807\" srcset=\"https:\/\/araujosdaniel.com.br\/wp-content\/uploads\/2025\/04\/5195a6be-db2e-4f3f-a2b0-cd842dcbc6cf-724x1024.jpg 724w, https:\/\/araujosdaniel.com.br\/wp-content\/uploads\/2025\/04\/5195a6be-db2e-4f3f-a2b0-cd842dcbc6cf-212x300.jpg 212w, https:\/\/araujosdaniel.com.br\/wp-content\/uploads\/2025\/04\/5195a6be-db2e-4f3f-a2b0-cd842dcbc6cf.jpg 736w\" sizes=\"(max-width: 724px) 100vw, 724px\" \/><\/figure>\n\n\n\n<figure class=\"wp-block-image size-large\"><img loading=\"lazy\" decoding=\"async\" width=\"736\" height=\"736\" data-id=\"274\" src=\"https:\/\/araujosdaniel.com.br\/wp-content\/uploads\/2025\/04\/\u2606\u2727.jpg\" alt=\"\" class=\"wp-image-274\" srcset=\"https:\/\/araujosdaniel.com.br\/wp-content\/uploads\/2025\/04\/\u2606\u2727.jpg 736w, https:\/\/araujosdaniel.com.br\/wp-content\/uploads\/2025\/04\/\u2606\u2727-300x300.jpg 300w, https:\/\/araujosdaniel.com.br\/wp-content\/uploads\/2025\/04\/\u2606\u2727-150x150.jpg 150w\" sizes=\"(max-width: 736px) 100vw, 736px\" \/><\/figure>\n\n\n\n<figure class=\"wp-block-image size-large\"><img loading=\"lazy\" decoding=\"async\" width=\"474\" height=\"474\" data-id=\"275\" src=\"https:\/\/araujosdaniel.com.br\/wp-content\/uploads\/2025\/04\/1d84732c-0097-458e-acd8-5282c10fde33.jpg\" alt=\"\" class=\"wp-image-275\" srcset=\"https:\/\/araujosdaniel.com.br\/wp-content\/uploads\/2025\/04\/1d84732c-0097-458e-acd8-5282c10fde33.jpg 474w, https:\/\/araujosdaniel.com.br\/wp-content\/uploads\/2025\/04\/1d84732c-0097-458e-acd8-5282c10fde33-300x300.jpg 300w, https:\/\/araujosdaniel.com.br\/wp-content\/uploads\/2025\/04\/1d84732c-0097-458e-acd8-5282c10fde33-150x150.jpg 150w\" sizes=\"(max-width: 474px) 100vw, 474px\" \/><\/figure>\n\n\n\n<figure class=\"wp-block-image size-large\"><img loading=\"lazy\" decoding=\"async\" width=\"702\" height=\"701\" data-id=\"276\" src=\"https:\/\/araujosdaniel.com.br\/wp-content\/uploads\/2025\/04\/2cf142f3-b628-4dc9-917e-64a7a1ebaa44.jpg\" alt=\"\" class=\"wp-image-276\" srcset=\"https:\/\/araujosdaniel.com.br\/wp-content\/uploads\/2025\/04\/2cf142f3-b628-4dc9-917e-64a7a1ebaa44.jpg 702w, https:\/\/araujosdaniel.com.br\/wp-content\/uploads\/2025\/04\/2cf142f3-b628-4dc9-917e-64a7a1ebaa44-300x300.jpg 300w, https:\/\/araujosdaniel.com.br\/wp-content\/uploads\/2025\/04\/2cf142f3-b628-4dc9-917e-64a7a1ebaa44-150x150.jpg 150w\" sizes=\"(max-width: 702px) 100vw, 702px\" \/><\/figure>\n\n\n\n<figure class=\"wp-block-image size-large\"><img loading=\"lazy\" decoding=\"async\" width=\"736\" height=\"736\" data-id=\"277\" src=\"https:\/\/araujosdaniel.com.br\/wp-content\/uploads\/2025\/04\/12de330e-8571-454a-936f-57ebf27b7f79.jpg\" alt=\"\" class=\"wp-image-277\" srcset=\"https:\/\/araujosdaniel.com.br\/wp-content\/uploads\/2025\/04\/12de330e-8571-454a-936f-57ebf27b7f79.jpg 736w, https:\/\/araujosdaniel.com.br\/wp-content\/uploads\/2025\/04\/12de330e-8571-454a-936f-57ebf27b7f79-300x300.jpg 300w, https:\/\/araujosdaniel.com.br\/wp-content\/uploads\/2025\/04\/12de330e-8571-454a-936f-57ebf27b7f79-150x150.jpg 150w\" sizes=\"(max-width: 736px) 100vw, 736px\" \/><\/figure>\n\n\n\n<figure class=\"wp-block-image size-large\"><img loading=\"lazy\" decoding=\"async\" width=\"504\" height=\"511\" data-id=\"278\" src=\"https:\/\/araujosdaniel.com.br\/wp-content\/uploads\/2025\/04\/22d583bd-a3b5-479c-ae1c-b294fa5c1a0b.jpg\" alt=\"\" class=\"wp-image-278\" srcset=\"https:\/\/araujosdaniel.com.br\/wp-content\/uploads\/2025\/04\/22d583bd-a3b5-479c-ae1c-b294fa5c1a0b.jpg 504w, https:\/\/araujosdaniel.com.br\/wp-content\/uploads\/2025\/04\/22d583bd-a3b5-479c-ae1c-b294fa5c1a0b-296x300.jpg 296w\" sizes=\"(max-width: 504px) 100vw, 504px\" \/><\/figure>\n\n\n\n<figure class=\"wp-block-image size-large\"><img loading=\"lazy\" decoding=\"async\" width=\"570\" height=\"403\" data-id=\"279\" src=\"https:\/\/araujosdaniel.com.br\/wp-content\/uploads\/2025\/04\/089a2582-266b-441e-98fa-442225ee44e9.jpg\" alt=\"\" class=\"wp-image-279\" srcset=\"https:\/\/araujosdaniel.com.br\/wp-content\/uploads\/2025\/04\/089a2582-266b-441e-98fa-442225ee44e9.jpg 570w, https:\/\/araujosdaniel.com.br\/wp-content\/uploads\/2025\/04\/089a2582-266b-441e-98fa-442225ee44e9-300x212.jpg 300w\" sizes=\"(max-width: 570px) 100vw, 570px\" \/><\/figure>\n\n\n\n<figure class=\"wp-block-image size-large\"><img loading=\"lazy\" decoding=\"async\" width=\"576\" height=\"1024\" data-id=\"280\" src=\"https:\/\/araujosdaniel.com.br\/wp-content\/uploads\/2025\/04\/266fd048-821a-459b-a9b5-37ba6a5fb19c-576x1024.jpg\" alt=\"\" class=\"wp-image-280\" srcset=\"https:\/\/araujosdaniel.com.br\/wp-content\/uploads\/2025\/04\/266fd048-821a-459b-a9b5-37ba6a5fb19c-576x1024.jpg 576w, https:\/\/araujosdaniel.com.br\/wp-content\/uploads\/2025\/04\/266fd048-821a-459b-a9b5-37ba6a5fb19c-169x300.jpg 169w, https:\/\/araujosdaniel.com.br\/wp-content\/uploads\/2025\/04\/266fd048-821a-459b-a9b5-37ba6a5fb19c-607x1080.jpg 607w, https:\/\/araujosdaniel.com.br\/wp-content\/uploads\/2025\/04\/266fd048-821a-459b-a9b5-37ba6a5fb19c.jpg 736w\" sizes=\"(max-width: 576px) 100vw, 576px\" \/><\/figure>\n\n\n\n<figure class=\"wp-block-image size-large\"><img loading=\"lazy\" decoding=\"async\" width=\"720\" height=\"959\" data-id=\"281\" src=\"https:\/\/araujosdaniel.com.br\/wp-content\/uploads\/2025\/04\/714ee55e-076f-40cc-be44-014edda75f9c.jpg\" alt=\"\" class=\"wp-image-281\" srcset=\"https:\/\/araujosdaniel.com.br\/wp-content\/uploads\/2025\/04\/714ee55e-076f-40cc-be44-014edda75f9c.jpg 720w, https:\/\/araujosdaniel.com.br\/wp-content\/uploads\/2025\/04\/714ee55e-076f-40cc-be44-014edda75f9c-225x300.jpg 225w\" sizes=\"(max-width: 720px) 100vw, 720px\" \/><\/figure>\n\n\n\n<figure class=\"wp-block-image size-large\"><img loading=\"lazy\" decoding=\"async\" width=\"736\" height=\"709\" data-id=\"282\" src=\"https:\/\/araujosdaniel.com.br\/wp-content\/uploads\/2025\/04\/4471b731-12bc-4eeb-a2d3-c3badb059638.jpg\" alt=\"\" class=\"wp-image-282\" srcset=\"https:\/\/araujosdaniel.com.br\/wp-content\/uploads\/2025\/04\/4471b731-12bc-4eeb-a2d3-c3badb059638.jpg 736w, https:\/\/araujosdaniel.com.br\/wp-content\/uploads\/2025\/04\/4471b731-12bc-4eeb-a2d3-c3badb059638-300x289.jpg 300w\" sizes=\"(max-width: 736px) 100vw, 736px\" \/><\/figure>\n\n\n\n<figure class=\"wp-block-image size-large\"><img loading=\"lazy\" decoding=\"async\" width=\"714\" height=\"1000\" data-id=\"283\" src=\"https:\/\/araujosdaniel.com.br\/wp-content\/uploads\/2025\/04\/7582ee97-ee35-4cb1-9ed3-e06d435d62ee.jpg\" alt=\"\" class=\"wp-image-283\" srcset=\"https:\/\/araujosdaniel.com.br\/wp-content\/uploads\/2025\/04\/7582ee97-ee35-4cb1-9ed3-e06d435d62ee.jpg 714w, https:\/\/araujosdaniel.com.br\/wp-content\/uploads\/2025\/04\/7582ee97-ee35-4cb1-9ed3-e06d435d62ee-214x300.jpg 214w\" sizes=\"(max-width: 714px) 100vw, 714px\" \/><\/figure>\n\n\n\n<figure class=\"wp-block-image size-large\"><img loading=\"lazy\" decoding=\"async\" width=\"736\" height=\"723\" data-id=\"284\" src=\"https:\/\/araujosdaniel.com.br\/wp-content\/uploads\/2025\/04\/09927bc4-320a-4795-9c2b-f0395d366532.jpg\" alt=\"\" class=\"wp-image-284\" srcset=\"https:\/\/araujosdaniel.com.br\/wp-content\/uploads\/2025\/04\/09927bc4-320a-4795-9c2b-f0395d366532.jpg 736w, https:\/\/araujosdaniel.com.br\/wp-content\/uploads\/2025\/04\/09927bc4-320a-4795-9c2b-f0395d366532-300x295.jpg 300w\" sizes=\"(max-width: 736px) 100vw, 736px\" \/><\/figure>\n\n\n\n<figure class=\"wp-block-image size-large\"><img loading=\"lazy\" decoding=\"async\" width=\"736\" height=\"723\" data-id=\"285\" src=\"https:\/\/araujosdaniel.com.br\/wp-content\/uploads\/2025\/04\/07070830-4da9-4a77-81ef-562d4f3127a9.jpg\" alt=\"\" class=\"wp-image-285\" srcset=\"https:\/\/araujosdaniel.com.br\/wp-content\/uploads\/2025\/04\/07070830-4da9-4a77-81ef-562d4f3127a9.jpg 736w, https:\/\/araujosdaniel.com.br\/wp-content\/uploads\/2025\/04\/07070830-4da9-4a77-81ef-562d4f3127a9-300x295.jpg 300w\" sizes=\"(max-width: 736px) 100vw, 736px\" \/><\/figure>\n\n\n\n<figure class=\"wp-block-image size-large\"><img loading=\"lazy\" decoding=\"async\" width=\"724\" height=\"1024\" data-id=\"286\" src=\"https:\/\/araujosdaniel.com.br\/wp-content\/uploads\/2025\/04\/b723fd5d-52eb-42b6-b61f-e7dced1049aa-724x1024.jpg\" alt=\"\" class=\"wp-image-286\" srcset=\"https:\/\/araujosdaniel.com.br\/wp-content\/uploads\/2025\/04\/b723fd5d-52eb-42b6-b61f-e7dced1049aa-724x1024.jpg 724w, https:\/\/araujosdaniel.com.br\/wp-content\/uploads\/2025\/04\/b723fd5d-52eb-42b6-b61f-e7dced1049aa-212x300.jpg 212w, https:\/\/araujosdaniel.com.br\/wp-content\/uploads\/2025\/04\/b723fd5d-52eb-42b6-b61f-e7dced1049aa.jpg 736w\" sizes=\"(max-width: 724px) 100vw, 724px\" \/><\/figure>\n\n\n\n<figure class=\"wp-block-image size-large\"><img loading=\"lazy\" decoding=\"async\" width=\"736\" height=\"664\" data-id=\"287\" src=\"https:\/\/araujosdaniel.com.br\/wp-content\/uploads\/2025\/04\/b985109e-8f3a-44fe-9f8a-6ed1588d2cea.jpg\" alt=\"\" class=\"wp-image-287\" srcset=\"https:\/\/araujosdaniel.com.br\/wp-content\/uploads\/2025\/04\/b985109e-8f3a-44fe-9f8a-6ed1588d2cea.jpg 736w, https:\/\/araujosdaniel.com.br\/wp-content\/uploads\/2025\/04\/b985109e-8f3a-44fe-9f8a-6ed1588d2cea-300x271.jpg 300w\" sizes=\"(max-width: 736px) 100vw, 736px\" \/><\/figure>\n\n\n\n<figure class=\"wp-block-image size-large\"><img loading=\"lazy\" decoding=\"async\" width=\"724\" height=\"1024\" data-id=\"288\" src=\"https:\/\/araujosdaniel.com.br\/wp-content\/uploads\/2025\/04\/baixados-36-724x1024.jpg\" alt=\"\" class=\"wp-image-288\" srcset=\"https:\/\/araujosdaniel.com.br\/wp-content\/uploads\/2025\/04\/baixados-36-724x1024.jpg 724w, https:\/\/araujosdaniel.com.br\/wp-content\/uploads\/2025\/04\/baixados-36-212x300.jpg 212w, https:\/\/araujosdaniel.com.br\/wp-content\/uploads\/2025\/04\/baixados-36.jpg 735w\" sizes=\"(max-width: 724px) 100vw, 724px\" \/><\/figure>\n\n\n\n<figure class=\"wp-block-image size-large\"><img loading=\"lazy\" decoding=\"async\" width=\"736\" height=\"736\" data-id=\"289\" src=\"https:\/\/araujosdaniel.com.br\/wp-content\/uploads\/2025\/04\/baixados-45.jpg\" alt=\"\" class=\"wp-image-289\" srcset=\"https:\/\/araujosdaniel.com.br\/wp-content\/uploads\/2025\/04\/baixados-45.jpg 736w, https:\/\/araujosdaniel.com.br\/wp-content\/uploads\/2025\/04\/baixados-45-300x300.jpg 300w, https:\/\/araujosdaniel.com.br\/wp-content\/uploads\/2025\/04\/baixados-45-150x150.jpg 150w\" sizes=\"(max-width: 736px) 100vw, 736px\" \/><\/figure>\n\n\n\n<figure class=\"wp-block-image size-large\"><img loading=\"lazy\" decoding=\"async\" width=\"718\" height=\"1024\" data-id=\"290\" src=\"https:\/\/araujosdaniel.com.br\/wp-content\/uploads\/2025\/04\/baixados-47-718x1024.jpg\" alt=\"\" class=\"wp-image-290\" srcset=\"https:\/\/araujosdaniel.com.br\/wp-content\/uploads\/2025\/04\/baixados-47-718x1024.jpg 718w, https:\/\/araujosdaniel.com.br\/wp-content\/uploads\/2025\/04\/baixados-47-210x300.jpg 210w, https:\/\/araujosdaniel.com.br\/wp-content\/uploads\/2025\/04\/baixados-47.jpg 736w\" sizes=\"(max-width: 718px) 100vw, 718px\" \/><\/figure>\n\n\n\n<figure class=\"wp-block-image size-large\"><img loading=\"lazy\" decoding=\"async\" width=\"580\" height=\"819\" data-id=\"291\" src=\"https:\/\/araujosdaniel.com.br\/wp-content\/uploads\/2025\/04\/baixados-48.jpg\" alt=\"\" class=\"wp-image-291\" srcset=\"https:\/\/araujosdaniel.com.br\/wp-content\/uploads\/2025\/04\/baixados-48.jpg 580w, https:\/\/araujosdaniel.com.br\/wp-content\/uploads\/2025\/04\/baixados-48-212x300.jpg 212w\" sizes=\"(max-width: 580px) 100vw, 580px\" \/><\/figure>\n\n\n\n<figure class=\"wp-block-image size-large\"><img loading=\"lazy\" decoding=\"async\" width=\"627\" height=\"844\" data-id=\"292\" src=\"https:\/\/araujosdaniel.com.br\/wp-content\/uploads\/2025\/04\/baixados-49.jpg\" alt=\"\" class=\"wp-image-292\" srcset=\"https:\/\/araujosdaniel.com.br\/wp-content\/uploads\/2025\/04\/baixados-49.jpg 627w, https:\/\/araujosdaniel.com.br\/wp-content\/uploads\/2025\/04\/baixados-49-223x300.jpg 223w\" sizes=\"(max-width: 627px) 100vw, 627px\" \/><\/figure>\n\n\n\n<figure class=\"wp-block-image size-large\"><img loading=\"lazy\" decoding=\"async\" width=\"683\" height=\"1024\" data-id=\"293\" src=\"https:\/\/araujosdaniel.com.br\/wp-content\/uploads\/2025\/04\/baixados-57-683x1024.jpg\" alt=\"\" class=\"wp-image-293\" srcset=\"https:\/\/araujosdaniel.com.br\/wp-content\/uploads\/2025\/04\/baixados-57-683x1024.jpg 683w, https:\/\/araujosdaniel.com.br\/wp-content\/uploads\/2025\/04\/baixados-57-200x300.jpg 200w, https:\/\/araujosdaniel.com.br\/wp-content\/uploads\/2025\/04\/baixados-57-720x1080.jpg 720w, https:\/\/araujosdaniel.com.br\/wp-content\/uploads\/2025\/04\/baixados-57.jpg 736w\" sizes=\"(max-width: 683px) 100vw, 683px\" \/><\/figure>\n\n\n\n<figure class=\"wp-block-image size-large\"><img loading=\"lazy\" decoding=\"async\" width=\"718\" height=\"1024\" data-id=\"294\" src=\"https:\/\/araujosdaniel.com.br\/wp-content\/uploads\/2025\/04\/baixados-58-718x1024.jpg\" alt=\"\" class=\"wp-image-294\" srcset=\"https:\/\/araujosdaniel.com.br\/wp-content\/uploads\/2025\/04\/baixados-58-718x1024.jpg 718w, https:\/\/araujosdaniel.com.br\/wp-content\/uploads\/2025\/04\/baixados-58-210x300.jpg 210w, https:\/\/araujosdaniel.com.br\/wp-content\/uploads\/2025\/04\/baixados-58.jpg 736w\" sizes=\"(max-width: 718px) 100vw, 718px\" \/><\/figure>\n\n\n\n<figure class=\"wp-block-image size-large\"><img loading=\"lazy\" decoding=\"async\" width=\"736\" height=\"736\" data-id=\"295\" src=\"https:\/\/araujosdaniel.com.br\/wp-content\/uploads\/2025\/04\/baixados-59.jpg\" alt=\"\" class=\"wp-image-295\" srcset=\"https:\/\/araujosdaniel.com.br\/wp-content\/uploads\/2025\/04\/baixados-59.jpg 736w, https:\/\/araujosdaniel.com.br\/wp-content\/uploads\/2025\/04\/baixados-59-300x300.jpg 300w, https:\/\/araujosdaniel.com.br\/wp-content\/uploads\/2025\/04\/baixados-59-150x150.jpg 150w\" sizes=\"(max-width: 736px) 100vw, 736px\" \/><\/figure>\n\n\n\n<figure class=\"wp-block-image size-large\"><img loading=\"lazy\" decoding=\"async\" width=\"736\" height=\"736\" data-id=\"296\" src=\"https:\/\/araujosdaniel.com.br\/wp-content\/uploads\/2025\/04\/baixados-60.jpg\" alt=\"\" class=\"wp-image-296\" srcset=\"https:\/\/araujosdaniel.com.br\/wp-content\/uploads\/2025\/04\/baixados-60.jpg 736w, https:\/\/araujosdaniel.com.br\/wp-content\/uploads\/2025\/04\/baixados-60-300x300.jpg 300w, https:\/\/araujosdaniel.com.br\/wp-content\/uploads\/2025\/04\/baixados-60-150x150.jpg 150w\" sizes=\"(max-width: 736px) 100vw, 736px\" \/><\/figure>\n\n\n\n<figure class=\"wp-block-image size-large\"><img loading=\"lazy\" decoding=\"async\" width=\"480\" height=\"480\" data-id=\"297\" src=\"https:\/\/araujosdaniel.com.br\/wp-content\/uploads\/2025\/04\/baixados-61.jpg\" alt=\"\" class=\"wp-image-297\" srcset=\"https:\/\/araujosdaniel.com.br\/wp-content\/uploads\/2025\/04\/baixados-61.jpg 480w, https:\/\/araujosdaniel.com.br\/wp-content\/uploads\/2025\/04\/baixados-61-300x300.jpg 300w, https:\/\/araujosdaniel.com.br\/wp-content\/uploads\/2025\/04\/baixados-61-150x150.jpg 150w\" sizes=\"(max-width: 480px) 100vw, 480px\" \/><\/figure>\n\n\n\n<figure class=\"wp-block-image size-large\"><img loading=\"lazy\" decoding=\"async\" width=\"736\" height=\"487\" data-id=\"298\" src=\"https:\/\/araujosdaniel.com.br\/wp-content\/uploads\/2025\/04\/baixados-62.jpg\" alt=\"\" class=\"wp-image-298\" srcset=\"https:\/\/araujosdaniel.com.br\/wp-content\/uploads\/2025\/04\/baixados-62.jpg 736w, https:\/\/araujosdaniel.com.br\/wp-content\/uploads\/2025\/04\/baixados-62-300x199.jpg 300w\" sizes=\"(max-width: 736px) 100vw, 736px\" \/><\/figure>\n\n\n\n<figure class=\"wp-block-image size-large\"><img loading=\"lazy\" decoding=\"async\" width=\"586\" height=\"864\" data-id=\"299\" src=\"https:\/\/araujosdaniel.com.br\/wp-content\/uploads\/2025\/04\/c4dadff6-43a2-463a-ba35-b841c749c650.jpg\" alt=\"\" class=\"wp-image-299\" srcset=\"https:\/\/araujosdaniel.com.br\/wp-content\/uploads\/2025\/04\/c4dadff6-43a2-463a-ba35-b841c749c650.jpg 586w, https:\/\/araujosdaniel.com.br\/wp-content\/uploads\/2025\/04\/c4dadff6-43a2-463a-ba35-b841c749c650-203x300.jpg 203w\" sizes=\"(max-width: 586px) 100vw, 586px\" \/><\/figure>\n\n\n\n<figure class=\"wp-block-image size-large\"><img loading=\"lazy\" decoding=\"async\" width=\"736\" height=\"920\" data-id=\"300\" src=\"https:\/\/araujosdaniel.com.br\/wp-content\/uploads\/2025\/04\/c7bbbea7-d882-4301-a5ef-cce2e985ce11.jpg\" alt=\"\" class=\"wp-image-300\" srcset=\"https:\/\/araujosdaniel.com.br\/wp-content\/uploads\/2025\/04\/c7bbbea7-d882-4301-a5ef-cce2e985ce11.jpg 736w, https:\/\/araujosdaniel.com.br\/wp-content\/uploads\/2025\/04\/c7bbbea7-d882-4301-a5ef-cce2e985ce11-240x300.jpg 240w\" sizes=\"(max-width: 736px) 100vw, 736px\" \/><\/figure>\n\n\n\n<figure class=\"wp-block-image size-large\"><img loading=\"lazy\" decoding=\"async\" width=\"736\" height=\"630\" data-id=\"301\" src=\"https:\/\/araujosdaniel.com.br\/wp-content\/uploads\/2025\/04\/c595e39d-9fc2-418f-81dd-ba2524548231.jpg\" alt=\"\" class=\"wp-image-301\" srcset=\"https:\/\/araujosdaniel.com.br\/wp-content\/uploads\/2025\/04\/c595e39d-9fc2-418f-81dd-ba2524548231.jpg 736w, https:\/\/araujosdaniel.com.br\/wp-content\/uploads\/2025\/04\/c595e39d-9fc2-418f-81dd-ba2524548231-300x257.jpg 300w\" sizes=\"(max-width: 736px) 100vw, 736px\" \/><\/figure>\n\n\n\n<figure class=\"wp-block-image size-large\"><img loading=\"lazy\" decoding=\"async\" width=\"473\" height=\"465\" data-id=\"302\" src=\"https:\/\/araujosdaniel.com.br\/wp-content\/uploads\/2025\/04\/cfcc4b4c-d7af-4fce-950b-70c1d19b8440.jpg\" alt=\"\" class=\"wp-image-302\" srcset=\"https:\/\/araujosdaniel.com.br\/wp-content\/uploads\/2025\/04\/cfcc4b4c-d7af-4fce-950b-70c1d19b8440.jpg 473w, https:\/\/araujosdaniel.com.br\/wp-content\/uploads\/2025\/04\/cfcc4b4c-d7af-4fce-950b-70c1d19b8440-300x295.jpg 300w\" sizes=\"(max-width: 473px) 100vw, 473px\" \/><\/figure>\n\n\n\n<figure class=\"wp-block-image size-large\"><img loading=\"lazy\" decoding=\"async\" width=\"564\" height=\"811\" data-id=\"303\" src=\"https:\/\/araujosdaniel.com.br\/wp-content\/uploads\/2025\/04\/e01e8fad-52a4-417e-a246-edd58c56ed57.jpg\" alt=\"\" class=\"wp-image-303\" srcset=\"https:\/\/araujosdaniel.com.br\/wp-content\/uploads\/2025\/04\/e01e8fad-52a4-417e-a246-edd58c56ed57.jpg 564w, https:\/\/araujosdaniel.com.br\/wp-content\/uploads\/2025\/04\/e01e8fad-52a4-417e-a246-edd58c56ed57-209x300.jpg 209w\" sizes=\"(max-width: 564px) 100vw, 564px\" \/><\/figure>\n\n\n\n<figure class=\"wp-block-image size-large\"><img loading=\"lazy\" decoding=\"async\" width=\"736\" height=\"784\" data-id=\"304\" src=\"https:\/\/araujosdaniel.com.br\/wp-content\/uploads\/2025\/04\/faf049f4-ddac-4d26-ab29-5c424e9506b7.jpg\" alt=\"\" class=\"wp-image-304\" srcset=\"https:\/\/araujosdaniel.com.br\/wp-content\/uploads\/2025\/04\/faf049f4-ddac-4d26-ab29-5c424e9506b7.jpg 736w, https:\/\/araujosdaniel.com.br\/wp-content\/uploads\/2025\/04\/faf049f4-ddac-4d26-ab29-5c424e9506b7-282x300.jpg 282w\" sizes=\"(max-width: 736px) 100vw, 736px\" \/><\/figure>\n\n\n\n<figure class=\"wp-block-image size-large\"><img loading=\"lazy\" decoding=\"async\" width=\"576\" height=\"1024\" data-id=\"305\" src=\"https:\/\/araujosdaniel.com.br\/wp-content\/uploads\/2025\/04\/\u0441\u0442\u0438\u043a\u0435\u0440-576x1024.jpg\" alt=\"\" class=\"wp-image-305\" srcset=\"https:\/\/araujosdaniel.com.br\/wp-content\/uploads\/2025\/04\/\u0441\u0442\u0438\u043a\u0435\u0440-576x1024.jpg 576w, https:\/\/araujosdaniel.com.br\/wp-content\/uploads\/2025\/04\/\u0441\u0442\u0438\u043a\u0435\u0440-169x300.jpg 169w, https:\/\/araujosdaniel.com.br\/wp-content\/uploads\/2025\/04\/\u0441\u0442\u0438\u043a\u0435\u0440-608x1080.jpg 608w, https:\/\/araujosdaniel.com.br\/wp-content\/uploads\/2025\/04\/\u0441\u0442\u0438\u043a\u0435\u0440.jpg 652w\" sizes=\"(max-width: 576px) 100vw, 576px\" \/><\/figure>\n<\/figure>\n","protected":false},"excerpt":{"rendered":"<p>2 minis Tattoos por R$ 50 Tamanhos at\u00e9 2 cent\u00edmetros cada sem altera\u00e7\u00f5es nos desenhos<\/p>\n","protected":false},"author":1,"featured_media":0,"parent":0,"menu_order":0,"comment_status":"closed","ping_status":"closed","template":"","meta":{"saved_in_kubio":true,"footnotes":""},"class_list":["post-272","page","type-page","status-publish","hentry"],"kubio_ai_page_context":{"short_desc":"","purpose":"general"},"_links":{"self":[{"href":"https:\/\/araujosdaniel.com.br\/index.php?rest_route=\/wp\/v2\/pages\/272","targetHints":{"allow":["GET"]}}],"collection":[{"href":"https:\/\/araujosdaniel.com.br\/index.php?rest_route=\/wp\/v2\/pages"}],"about":[{"href":"https:\/\/araujosdaniel.com.br\/index.php?rest_route=\/wp\/v2\/types\/page"}],"author":[{"embeddable":true,"href":"https:\/\/araujosdaniel.com.br\/index.php?rest_route=\/wp\/v2\/users\/1"}],"replies":[{"embeddable":true,"href":"https:\/\/araujosdaniel.com.br\/index.php?rest_route=%2Fwp%2Fv2%2Fcomments&post=272"}],"version-history":[{"count":2,"href":"https:\/\/araujosdaniel.com.br\/index.php?rest_route=\/wp\/v2\/pages\/272\/revisions"}],"predecessor-version":[{"id":809,"href":"https:\/\/araujosdaniel.com.br\/index.php?rest_route=\/wp\/v2\/pages\/272\/revisions\/809"}],"wp:attachment":[{"href":"https:\/\/araujosdaniel.com.br\/index.php?rest_route=%2Fwp%2Fv2%2Fmedia&parent=272"}],"curies":[{"name":"wp","href":"https:\/\/api.w.org\/{rel}","templated":true}]}}